{"id":10,"date":"2018-05-25T13:52:52","date_gmt":"2018-05-25T12:52:52","guid":{"rendered":"http:\/\/tierheilpraxis-elsner.de\/?page_id=10"},"modified":"2018-08-22T18:36:01","modified_gmt":"2018-08-22T17:36:01","slug":"home","status":"publish","type":"page","link":"https:\/\/tierheilpraxis-elsner.de\/","title":{"rendered":"Home"},"content":{"rendered":"<p><img loading=\"lazy\" class=\" wp-image-82 alignleft\" src=\"https:\/\/tierheilpraxis-elsner.de\/wp-content\/uploads\/2018\/06\/IMG_5520-200x300.jpeg\" alt=\"\" width=\"217\" height=\"326\" srcset=\"https:\/\/tierheilpraxis-elsner.de\/wp-content\/uploads\/2018\/06\/IMG_5520-200x300.jpeg 200w, https:\/\/tierheilpraxis-elsner.de\/wp-content\/uploads\/2018\/06\/IMG_5520.jpeg 427w\" sizes=\"(max-width: 217px) 85vw, 217px\" \/>Lieber Patientenbesitzer<\/p>\n<p>Die bew\u00e4hrten Methoden der Hom\u00f6opathie und anderer alternativer Heilverfahren stehen seit vielen Jahren auch f\u00fcr Ihr Tier zur Verf\u00fcgung, vom Kleintier bis zum Reitpferd erstelle ich f\u00fcr jedes Ihrer Tiere ein Therapiekonzept unter ganzheitlicher Betrachtung.<br \/>\nGerne auch in Zusammenarbeit mit dem behandelnden Tierarzt. Bei Ihnen Zuhause, in Ihrem Stall oder in meinen Praxisr\u00e4umlichkeiten.<br \/>\nIch hoffe, dass Sie hier die Informationen \u00fcber alternative Therapieformen am Tier finden k\u00f6nnen, die Sie sich gew\u00fcnscht haben.<br \/>\nIch w\u00fcnsche Ihnen und Ihrem vierbeinigen Begleiter allzeit ein gesundes und harmonisches Miteinander.<\/p>\n<p>Namaste<\/p>\n","protected":false},"excerpt":{"rendered":"<p>Lieber Patientenbesitzer Die bew\u00e4hrten Methoden der Hom\u00f6opathie und anderer alternativer Heilverfahren stehen seit vielen Jahren auch f\u00fcr Ihr Tier zur Verf\u00fcgung, vom Kleintier bis zum Reitpferd erstelle ich f\u00fcr jedes Ihrer Tiere ein Therapiekonzept unter ganzheitlicher Betrachtung. Gerne auch in Zusammenarbeit mit dem behandelnden Tierarzt. Bei Ihnen Zuhause, in Ihrem Stall oder in meinen Praxisr\u00e4umlichkeiten. &hellip; <a href=\"https:\/\/tierheilpraxis-elsner.de\/\" class=\"more-link\"><span class=\"screen-reader-text\">&#8222;Home&#8220; <\/span>weiterlesen<\/a><\/p>\n","protected":false},"author":1,"featured_media":0,"parent":0,"menu_order":0,"comment_status":"closed","ping_status":"closed","template":"","meta":[],"_links":{"self":[{"href":"https:\/\/tierheilpraxis-elsner.de\/index.php?rest_route=\/wp\/v2\/pages\/10"}],"collection":[{"href":"https:\/\/tierheilpraxis-elsner.de\/index.php?rest_route=\/wp\/v2\/pages"}],"about":[{"href":"https:\/\/tierheilpraxis-elsner.de\/index.php?rest_route=\/wp\/v2\/types\/page"}],"author":[{"embeddable":true,"href":"https:\/\/tierheilpraxis-elsner.de\/index.php?rest_route=\/wp\/v2\/users\/1"}],"replies":[{"embeddable":true,"href":"https:\/\/tierheilpraxis-elsner.de\/index.php?rest_route=%2Fwp%2Fv2%2Fcomments&post=10"}],"version-history":[{"count":9,"href":"https:\/\/tierheilpraxis-elsner.de\/index.php?rest_route=\/wp\/v2\/pages\/10\/revisions"}],"predecessor-version":[{"id":123,"href":"https:\/\/tierheilpraxis-elsner.de\/index.php?rest_route=\/wp\/v2\/pages\/10\/revisions\/123"}],"wp:attachment":[{"href":"https:\/\/tierheilpraxis-elsner.de\/index.php?rest_route=%2Fwp%2Fv2%2Fmedia&parent=10"}],"curies":[{"name":"wp","href":"https:\/\/api.w.org\/{rel}","templated":true}]}}