{"id":131,"date":"2018-08-22T18:49:49","date_gmt":"2018-08-22T17:49:49","guid":{"rendered":"https:\/\/tierheilpraxis-elsner.de\/?page_id=131"},"modified":"2018-08-22T18:49:49","modified_gmt":"2018-08-22T17:49:49","slug":"bioresonanz","status":"publish","type":"page","link":"https:\/\/tierheilpraxis-elsner.de\/?page_id=131","title":{"rendered":"Bioresonanz"},"content":{"rendered":"<h5><strong>Das Prinzip der Resonanz-Analyse<\/strong><\/h5>\n<p>Betrachte den Patienten in seiner Gesamtheit.<br \/>\nForsche nach den Ursachen der Krankheit.<br \/>\nVerdecke nicht Symptome mit Medikamenten.<br \/>\nSt\u00e4rke die Selbstheilungskr\u00e4fte des K\u00f6rpers.<\/p>\n<h5><strong>Was kann durch eine Resonanz-Analyse erreicht werden?<\/strong><\/h5>\n<p>Durch die Resonanz-Analyse \u00a0stellt sich ein ganzheitliches Bild des Organismus dar. Es zeigen sich bereits Belastungen von Organen und andere k\u00f6rperliche Belastungen wie z.B. Bakterien, Viren etc., die schulmedizinisch noch keine Auff\u00e4lligkeiten erweisen.<\/p>\n<h5><strong>Welche Analyse f\u00fcr welches Problem?<\/strong><\/h5>\n<p>Bei einer\u00a0<strong>Gro\u00dfen Analyse\u00a0<\/strong>wird der gesamte Organismus inklusiv aller Organe getestet. In dieser Analyse werden N\u00e4hrstoffdefizite sowie Futterunvertr\u00e4glichkeiten und andere Allergene selbstverst\u00e4ndlich mit \u00fcberpr\u00fcft. Diese Analyse kann als allgemeiner Check-up genutzt werden.<\/p>\n<p>Eine <strong>Allergie-Analyse<\/strong>\u00a0gibt uns Aufschluss \u00fcber Allergien oder Futterunvertr\u00e4glichkeiten. Auch werden in dieser Analyse zwei Organbereiche z.B. Verdauungstrakt und Stoffwechselorgane wie Leber, Bauchspeicheldr\u00fcse, Milz mitgetestet. Die Analyse gibt auch einen \u00dcberblick \u00fcber derzeit bestehende N\u00e4hrstoffdefizite.<\/p>\n<p>Eine\u00a0<strong>Vitalit\u00e4ts-Analyse\u00a0<\/strong>ist sinnvoll, um den Bedarf an N\u00e4hr- und Vitalstoffen zu\u00a0\u00fcberpr\u00fcfen, vor allem vor Turnieren, Fellwechsel\/Probleme, Kotfressen oder vor dem Deckakt.<\/p>\n<p>Eine\u00a0<strong>Akut-Analyse <\/strong>empfiehlt sich bei einer\u00a0akute gesundheitliche Problematik z.B. Durchfall, Erbrechen oder jegliche Art von Entz\u00fcndungen.\u00a0Diese Analyse gibt uns Ausschluss, welcher Bereich des Organismus derzeit Unterst\u00fctzung braucht.<\/p>\n<p><strong>In allen Analysen werden k\u00f6rperliche Belastungen sowie die individuelle F\u00fctterung, Erg\u00e4nzungsfuttermittel sowie die Grundkonstitution des Tieres \u00a0und naturheilkundliche Arzneimittel, die das Tier in der\u00a0Regulation f\u00f6rdern und unterst\u00fctzen, mitgetestet.<\/strong><\/p>\n<h5><strong>Welche Grundkonstitution hat mein Tier?<\/strong><\/h5>\n<p>\u00dcber einen zus\u00e4tzlichen Fragebogen wird die Grundkonstitution Ihres Tieres ausgewertet. So wissen Sie, welche Dispositionen und Eigenschaften ihr Tier mitbringt und wie Sie es optimal unterst\u00fctzen k\u00f6nnen.<\/p>\n<h5><strong>Allgemeines Informationen\u00a0<\/strong><\/h5>\n<p>Die Resonanz-Analyse basiert auf der Erkenntnis:\u00a0<strong>&#8222;Alles ist Schwingung!&#8220;<\/strong><\/p>\n<p>Alles um uns herum lebt, auch wenn wir es als leblos wahrnehmen! Nehmen wir als Beispiel einen Stein.\u00a0Er besteht aus Molek\u00fclen und Atomen die sich bewegen. Gehen wir in die noch kleinere Einheit finden wir subatomare Teilchen wie Protonen, Neutronen, Elektronen, Hadronen, Baryonen, Mesonen, Quarks und Antiquarks. Das ist das Leben aus dem wir ALLE bestehen und ALLES besteht. Egal ob Mensch, Tier, Pflanze, Mineralien etc&#8230;<\/p>\n<h5><strong>Das ist Physik, nichts Anderes.<\/strong><\/h5>\n<p>Jeder Organismus setzt sich aus einem umfangreichen Frequenzspektrum zusammen dazu geh\u00f6ren Herzfrequenzen, Hirnstr\u00f6me, Nervenimpulse, Muskelkontraktionen, positive &#8211; sowie negative Emotionen. In diesem Biofeld sind alle physiologischen und pathologischen (krankhaften) Schwingungen enthalten sind. Um eine Vorstellung von einer Resonanzanalyse zu erhalten, haben Sie die M\u00f6glichkeit sich die unterschiedlichen Resonanz-Analysen hier anzusehen. Ich m\u00f6chte Sie darauf hinweisen, dass eine Resonanz-Analyse keine Laboruntersuchung im klinisch-chemischen Sinne darstellt.<\/p>\n<h5><strong>Sie m\u00f6chte eine Resonanzanalyse f\u00fcr Ihr Tier erstellen lassen?\u00a0<\/strong><\/h5>\n<p>Dann setzen Sie sich einfach mit mir in Verbindung.<\/p>\n","protected":false},"excerpt":{"rendered":"<p>Das Prinzip der Resonanz-Analyse Betrachte den Patienten in seiner Gesamtheit. Forsche nach den Ursachen der Krankheit. Verdecke nicht Symptome mit Medikamenten. St\u00e4rke die Selbstheilungskr\u00e4fte des K\u00f6rpers. Was kann durch eine Resonanz-Analyse erreicht werden? Durch die Resonanz-Analyse \u00a0stellt sich ein ganzheitliches Bild des Organismus dar. Es zeigen sich bereits Belastungen von Organen und andere k\u00f6rperliche Belastungen &hellip; <a href=\"https:\/\/tierheilpraxis-elsner.de\/?page_id=131\" class=\"more-link\"><span class=\"screen-reader-text\">&#8222;Bioresonanz&#8220; <\/span>weiterlesen<\/a><\/p>\n","protected":false},"author":2,"featured_media":0,"parent":40,"menu_order":0,"comment_status":"closed","ping_status":"closed","template":"","meta":[],"_links":{"self":[{"href":"https:\/\/tierheilpraxis-elsner.de\/index.php?rest_route=\/wp\/v2\/pages\/131"}],"collection":[{"href":"https:\/\/tierheilpraxis-elsner.de\/index.php?rest_route=\/wp\/v2\/pages"}],"about":[{"href":"https:\/\/tierheilpraxis-elsner.de\/index.php?rest_route=\/wp\/v2\/types\/page"}],"author":[{"embeddable":true,"href":"https:\/\/tierheilpraxis-elsner.de\/index.php?rest_route=\/wp\/v2\/users\/2"}],"replies":[{"embeddable":true,"href":"https:\/\/tierheilpraxis-elsner.de\/index.php?rest_route=%2Fwp%2Fv2%2Fcomments&post=131"}],"version-history":[{"count":1,"href":"https:\/\/tierheilpraxis-elsner.de\/index.php?rest_route=\/wp\/v2\/pages\/131\/revisions"}],"predecessor-version":[{"id":132,"href":"https:\/\/tierheilpraxis-elsner.de\/index.php?rest_route=\/wp\/v2\/pages\/131\/revisions\/132"}],"up":[{"embeddable":true,"href":"https:\/\/tierheilpraxis-elsner.de\/index.php?rest_route=\/wp\/v2\/pages\/40"}],"wp:attachment":[{"href":"https:\/\/tierheilpraxis-elsner.de\/index.php?rest_route=%2Fwp%2Fv2%2Fmedia&parent=131"}],"curies":[{"name":"wp","href":"https:\/\/api.w.org\/{rel}","templated":true}]}}