{"id":23,"date":"2018-05-25T13:59:14","date_gmt":"2018-05-25T12:59:14","guid":{"rendered":"http:\/\/tierheilpraxis-elsner.de\/?page_id=23"},"modified":"2018-06-11T09:56:59","modified_gmt":"2018-06-11T08:56:59","slug":"met","status":"publish","type":"page","link":"https:\/\/tierheilpraxis-elsner.de\/?page_id=23","title":{"rendered":"MET"},"content":{"rendered":"<p><img loading=\"lazy\" class=\"alignleft size-medium wp-image-80\" src=\"https:\/\/tierheilpraxis-elsner.de\/wp-content\/uploads\/2018\/06\/elektrother_20161128_2033909366-300x225.jpeg\" alt=\"\" width=\"300\" height=\"225\" srcset=\"https:\/\/tierheilpraxis-elsner.de\/wp-content\/uploads\/2018\/06\/elektrother_20161128_2033909366-300x225.jpeg 300w, https:\/\/tierheilpraxis-elsner.de\/wp-content\/uploads\/2018\/06\/elektrother_20161128_2033909366.jpeg 640w\" sizes=\"(max-width: 300px) 85vw, 300px\" \/>MET (Mittelfrequente Elektrotherapie) Die mittelfrequente Elektrotherapie (auch Modulations-Elektrotherapie) arbeitet mit mehrfach amplitudenmoduliertem Mittelfrequenzstrom, der sich durch eine besondere Qualit\u00e4t auszeichnet und somit zu den &#8222;physiologischen Therapiesystemen&#8220; z\u00e4hlt.<br \/>\nMan w\u00e4hlt Programme, die sich bei verschiedenen Krankheiten des Bewegungsapparates bew\u00e4hrt haben- es werden dann Mittel-, Niederfrequenz- und Schwellfrequenz in unterschiedlicher Reihenfolge, wie Intensit\u00e4t mittels Silikonelektroden im erkrankten Bereich appliziert, was weder schmerzhaft f\u00fcr die Tiere ist, noch besteht Verletzungsgefahr. Die Indikationen beziehen sich auf jegliche Probleme des Bewegungsapparates und die zumeist damit verbundenen Schmerzen:<\/p>\n<ul>\n<li>Sehnenerkrankungen<\/li>\n<li>Banderkrankungen<\/li>\n<li>Muskelerkrankungen, -verspannungen, -atrophien, -dysbalancen<\/li>\n<li>Gelenkserkrankungen (Arthrosen, Arthritiden, HD, ED, OCD etc)<\/li>\n<li>Wirbels\u00e4ulenproblematiken (Kissing Spines, Cauda equina)<\/li>\n<li>Neurologische Erkrankungen (L\u00e4hmungen)<\/li>\n<li>akute Traumata (H\u00e4matome, Wundheilungsst\u00f6rungen)<\/li>\n<\/ul>\n","protected":false},"excerpt":{"rendered":"<p>MET (Mittelfrequente Elektrotherapie) Die mittelfrequente Elektrotherapie (auch Modulations-Elektrotherapie) arbeitet mit mehrfach amplitudenmoduliertem Mittelfrequenzstrom, der sich durch eine besondere Qualit\u00e4t auszeichnet und somit zu den &#8222;physiologischen Therapiesystemen&#8220; z\u00e4hlt. Man w\u00e4hlt Programme, die sich bei verschiedenen Krankheiten des Bewegungsapparates bew\u00e4hrt haben- es werden dann Mittel-, Niederfrequenz- und Schwellfrequenz in unterschiedlicher Reihenfolge, wie Intensit\u00e4t mittels Silikonelektroden im erkrankten &hellip; <a href=\"https:\/\/tierheilpraxis-elsner.de\/?page_id=23\" class=\"more-link\"><span class=\"screen-reader-text\">&#8222;MET&#8220; <\/span>weiterlesen<\/a><\/p>\n","protected":false},"author":1,"featured_media":0,"parent":0,"menu_order":0,"comment_status":"closed","ping_status":"closed","template":"","meta":[],"_links":{"self":[{"href":"https:\/\/tierheilpraxis-elsner.de\/index.php?rest_route=\/wp\/v2\/pages\/23"}],"collection":[{"href":"https:\/\/tierheilpraxis-elsner.de\/index.php?rest_route=\/wp\/v2\/pages"}],"about":[{"href":"https:\/\/tierheilpraxis-elsner.de\/index.php?rest_route=\/wp\/v2\/types\/page"}],"author":[{"embeddable":true,"href":"https:\/\/tierheilpraxis-elsner.de\/index.php?rest_route=\/wp\/v2\/users\/1"}],"replies":[{"embeddable":true,"href":"https:\/\/tierheilpraxis-elsner.de\/index.php?rest_route=%2Fwp%2Fv2%2Fcomments&post=23"}],"version-history":[{"count":2,"href":"https:\/\/tierheilpraxis-elsner.de\/index.php?rest_route=\/wp\/v2\/pages\/23\/revisions"}],"predecessor-version":[{"id":117,"href":"https:\/\/tierheilpraxis-elsner.de\/index.php?rest_route=\/wp\/v2\/pages\/23\/revisions\/117"}],"wp:attachment":[{"href":"https:\/\/tierheilpraxis-elsner.de\/index.php?rest_route=%2Fwp%2Fv2%2Fmedia&parent=23"}],"curies":[{"name":"wp","href":"https:\/\/api.w.org\/{rel}","templated":true}]}}