{"id":25,"date":"2018-05-25T14:00:04","date_gmt":"2018-05-25T13:00:04","guid":{"rendered":"http:\/\/tierheilpraxis-elsner.de\/?page_id=25"},"modified":"2018-08-22T18:37:57","modified_gmt":"2018-08-22T17:37:57","slug":"barf","status":"publish","type":"page","link":"https:\/\/tierheilpraxis-elsner.de\/?page_id=25","title":{"rendered":"Barf"},"content":{"rendered":"<p><img loading=\"lazy\" class=\"alignleft size-medium wp-image-86\" src=\"https:\/\/tierheilpraxis-elsner.de\/wp-content\/uploads\/2018\/06\/kalbskno_20161128_1353320855-300x200.jpeg\" alt=\"\" width=\"300\" height=\"200\" srcset=\"https:\/\/tierheilpraxis-elsner.de\/wp-content\/uploads\/2018\/06\/kalbskno_20161128_1353320855-300x200.jpeg 300w, https:\/\/tierheilpraxis-elsner.de\/wp-content\/uploads\/2018\/06\/kalbskno_20161128_1353320855.jpeg 640w\" sizes=\"(max-width: 300px) 85vw, 300px\" \/>Barf ( Biologisch artgerechte Rohf\u00fctterung, Bones and raw food) ist eine F\u00fctterungsmethode, die die nat\u00fcrlichen Ern\u00e4hrungsgewohnheiten des Carnivoren (=Fleischfresser) nachempfindet, d.h. Fleisch in ausreichender Menge, Gem\u00fcse, Obst, Kr\u00e4uter und zum Teil Getreide. Wildlebenede Carnivoren ern\u00e4hren sich von Beutetieren (Pflanzenfressern= Herbivoren) und deren Darm inklusive dessen Inhalt.<br \/>\nDie heutigen Fertigfutter sind zwar \u201ebesitzerfreundlich\u201c, haben jedoch beinahe alle zu viel Getreideanteil und zu wenig Fleisch, was zu den \u201eZivilisationskrankheiten\u201c unserer Haushunde f\u00fchrt- z.B. Allergien, Ohrenentz\u00fcndungen, Hautproblematiken z.T. mit Juckreiz, Verdauungsschw\u00e4chen, mangelnde Fitness etc. Weiterhin tr\u00e4gt es erheblich zur balancierten Hundepsyche bei, gr\u00f6\u00dfere Fleischteile, Knochen und Knorpel zu zerbei\u00dfen, was ebenfalls vorteilhaft f\u00fcr die Zahngesundheit ist (gebarfte Hunde haben fast nie Zahnstein oder Mundgeruch). Sollten Sie sich f\u00fcr eine Umstellung auf biologisch artgerechte Rohf\u00fctterung interessieren, stehe ich Ihnen gerne beratend zur Seite bez\u00fcglich Rationsberechnung, Bezugsquellen, Umstellung und das Eingehen auf bestehende Erkrankungen aus F\u00fctterungssicht.<\/p>\n","protected":false},"excerpt":{"rendered":"<p>Barf ( Biologisch artgerechte Rohf\u00fctterung, Bones and raw food) ist eine F\u00fctterungsmethode, die die nat\u00fcrlichen Ern\u00e4hrungsgewohnheiten des Carnivoren (=Fleischfresser) nachempfindet, d.h. Fleisch in ausreichender Menge, Gem\u00fcse, Obst, Kr\u00e4uter und zum Teil Getreide. Wildlebenede Carnivoren ern\u00e4hren sich von Beutetieren (Pflanzenfressern= Herbivoren) und deren Darm inklusive dessen Inhalt. Die heutigen Fertigfutter sind zwar \u201ebesitzerfreundlich\u201c, haben jedoch beinahe &hellip; <a href=\"https:\/\/tierheilpraxis-elsner.de\/?page_id=25\" class=\"more-link\"><span class=\"screen-reader-text\">&#8222;Barf&#8220; <\/span>weiterlesen<\/a><\/p>\n","protected":false},"author":1,"featured_media":0,"parent":0,"menu_order":0,"comment_status":"closed","ping_status":"closed","template":"","meta":[],"_links":{"self":[{"href":"https:\/\/tierheilpraxis-elsner.de\/index.php?rest_route=\/wp\/v2\/pages\/25"}],"collection":[{"href":"https:\/\/tierheilpraxis-elsner.de\/index.php?rest_route=\/wp\/v2\/pages"}],"about":[{"href":"https:\/\/tierheilpraxis-elsner.de\/index.php?rest_route=\/wp\/v2\/types\/page"}],"author":[{"embeddable":true,"href":"https:\/\/tierheilpraxis-elsner.de\/index.php?rest_route=\/wp\/v2\/users\/1"}],"replies":[{"embeddable":true,"href":"https:\/\/tierheilpraxis-elsner.de\/index.php?rest_route=%2Fwp%2Fv2%2Fcomments&post=25"}],"version-history":[{"count":4,"href":"https:\/\/tierheilpraxis-elsner.de\/index.php?rest_route=\/wp\/v2\/pages\/25\/revisions"}],"predecessor-version":[{"id":125,"href":"https:\/\/tierheilpraxis-elsner.de\/index.php?rest_route=\/wp\/v2\/pages\/25\/revisions\/125"}],"wp:attachment":[{"href":"https:\/\/tierheilpraxis-elsner.de\/index.php?rest_route=%2Fwp%2Fv2%2Fmedia&parent=25"}],"curies":[{"name":"wp","href":"https:\/\/api.w.org\/{rel}","templated":true}]}}