{"id":35,"date":"2018-05-25T14:03:46","date_gmt":"2018-05-25T13:03:46","guid":{"rendered":"http:\/\/tierheilpraxis-elsner.de\/?page_id=35"},"modified":"2018-08-24T08:26:24","modified_gmt":"2018-08-24T07:26:24","slug":"phytotherapie","status":"publish","type":"page","link":"https:\/\/tierheilpraxis-elsner.de\/?page_id=35","title":{"rendered":"Phytotherapie"},"content":{"rendered":"<p><img loading=\"lazy\" class=\"alignleft size-medium wp-image-140\" src=\"https:\/\/tierheilpraxis-elsner.de\/wp-content\/uploads\/2018\/08\/echinacea_sonne_20161128_1254951364-300x225.jpg\" alt=\"\" width=\"300\" height=\"225\" srcset=\"https:\/\/tierheilpraxis-elsner.de\/wp-content\/uploads\/2018\/08\/echinacea_sonne_20161128_1254951364-300x225.jpg 300w, https:\/\/tierheilpraxis-elsner.de\/wp-content\/uploads\/2018\/08\/echinacea_sonne_20161128_1254951364-768x576.jpg 768w, https:\/\/tierheilpraxis-elsner.de\/wp-content\/uploads\/2018\/08\/echinacea_sonne_20161128_1254951364-1024x768.jpg 1024w, https:\/\/tierheilpraxis-elsner.de\/wp-content\/uploads\/2018\/08\/echinacea_sonne_20161128_1254951364-1200x900.jpg 1200w, https:\/\/tierheilpraxis-elsner.de\/wp-content\/uploads\/2018\/08\/echinacea_sonne_20161128_1254951364.jpg 2048w\" sizes=\"(max-width: 300px) 85vw, 300px\" \/>Die Heilpflanzenkunde stellt eine gro\u00dfe S\u00e4ule der alternativen Therapieformen dar- zum Einen, da sie auf eine lange Anwendungsgeschichte zur\u00fcckblickt, zum Anderen, da sie gut kombinierbar ist mit anderen Heilmethoden. Die Pflanzen haben unterschiedliche biologisch wirksame Komponenten, die sie f\u00fcr diverse Krankheitsbilder wirksam machen, z.B. \u00e4therische \u00d6le, Alkaloide, Bitterstoffe, Gerbstoffe, Schleimstoffe etc. Pflanzendrogen werden eingesetzt bei St\u00f6rungen des Verdauungsapparates, Krankheiten der ableitenden Harnwege , bei Hautverletzungen, bzw. Hauterkrankungen, bei Durchblutungsst\u00f6rungen, Herzkrankheiten oder bei Parasitenbefall.<\/p>\r\n\r\n<figure class=\"wp-block-image\"><\/figure>\r\n","protected":false},"excerpt":{"rendered":"<p>Die Heilpflanzenkunde stellt eine gro\u00dfe S\u00e4ule der alternativen Therapieformen dar- zum Einen, da sie auf eine lange Anwendungsgeschichte zur\u00fcckblickt, zum Anderen, da sie gut kombinierbar ist mit anderen Heilmethoden. Die Pflanzen haben unterschiedliche biologisch wirksame Komponenten, die sie f\u00fcr diverse Krankheitsbilder wirksam machen, z.B. \u00e4therische \u00d6le, Alkaloide, Bitterstoffe, Gerbstoffe, Schleimstoffe etc. Pflanzendrogen werden eingesetzt bei &hellip; <a href=\"https:\/\/tierheilpraxis-elsner.de\/?page_id=35\" class=\"more-link\"><span class=\"screen-reader-text\">&#8222;Phytotherapie&#8220; <\/span>weiterlesen<\/a><\/p>\n","protected":false},"author":1,"featured_media":0,"parent":0,"menu_order":0,"comment_status":"closed","ping_status":"closed","template":"","meta":[],"_links":{"self":[{"href":"https:\/\/tierheilpraxis-elsner.de\/index.php?rest_route=\/wp\/v2\/pages\/35"}],"collection":[{"href":"https:\/\/tierheilpraxis-elsner.de\/index.php?rest_route=\/wp\/v2\/pages"}],"about":[{"href":"https:\/\/tierheilpraxis-elsner.de\/index.php?rest_route=\/wp\/v2\/types\/page"}],"author":[{"embeddable":true,"href":"https:\/\/tierheilpraxis-elsner.de\/index.php?rest_route=\/wp\/v2\/users\/1"}],"replies":[{"embeddable":true,"href":"https:\/\/tierheilpraxis-elsner.de\/index.php?rest_route=%2Fwp%2Fv2%2Fcomments&post=35"}],"version-history":[{"count":6,"href":"https:\/\/tierheilpraxis-elsner.de\/index.php?rest_route=\/wp\/v2\/pages\/35\/revisions"}],"predecessor-version":[{"id":142,"href":"https:\/\/tierheilpraxis-elsner.de\/index.php?rest_route=\/wp\/v2\/pages\/35\/revisions\/142"}],"wp:attachment":[{"href":"https:\/\/tierheilpraxis-elsner.de\/index.php?rest_route=%2Fwp%2Fv2%2Fmedia&parent=35"}],"curies":[{"name":"wp","href":"https:\/\/api.w.org\/{rel}","templated":true}]}}