{"id":43,"date":"2018-05-25T14:09:56","date_gmt":"2018-05-25T13:09:56","guid":{"rendered":"http:\/\/tierheilpraxis-elsner.de\/?page_id=43"},"modified":"2018-08-22T18:36:54","modified_gmt":"2018-08-22T17:36:54","slug":"ueber-mich","status":"publish","type":"page","link":"https:\/\/tierheilpraxis-elsner.de\/?page_id=43","title":{"rendered":"\u00dcber mich"},"content":{"rendered":"<p><img loading=\"lazy\" class=\"size-medium wp-image-82 alignleft\" src=\"https:\/\/tierheilpraxis-elsner.de\/wp-content\/uploads\/2018\/06\/IMG_5520-200x300.jpeg\" alt=\"\" width=\"200\" height=\"300\" srcset=\"https:\/\/tierheilpraxis-elsner.de\/wp-content\/uploads\/2018\/06\/IMG_5520-200x300.jpeg 200w, https:\/\/tierheilpraxis-elsner.de\/wp-content\/uploads\/2018\/06\/IMG_5520.jpeg 427w\" sizes=\"(max-width: 200px) 85vw, 200px\" \/>Aufgrund meiner Liebe zu Tieren und zur Natur entschloss ich mich im Jahr 2002 zu einer Ausbildung als Tierheilpraktikerin bei der Akademie f\u00fcr alternative Tiernaturheilkunde, ATM. Zur Zeit fehlt eine staatliche Regelung \u00fcber die Ausbildung, die Leistungsstandards und eine entsprechende\u00a0 Abschlusspr\u00fcfung. Somit liegt es am Tierhalter einen Tierheilpraktiker zu finden, der sein Wissen gewissenhaft bei einer kompetenten Institution erworben hat. Nach der erfolgreich abgeschlossenen Abschlusspr\u00fcfung in den F\u00e4chern Anatomie, Physiologie, Pathologie, Differentialdiagnostik eines jeden Organsystems trat ich dem FNT e.V. (Fachverband niedergelassener Tierheilpraktiker) bei, welcher garantiert, dass die Mitglieder festgelegte Standards erf\u00fcllen und sich einmal j\u00e4hrlich fortbilden. Um das erworbene Wissen in der Praxis zu manifestieren, arbeitete ich mehrere Jahre in einer <img loading=\"lazy\" class=\"alignright size-medium wp-image-83\" src=\"https:\/\/tierheilpraxis-elsner.de\/wp-content\/uploads\/2018\/06\/IMG_5530-200x300.jpeg\" alt=\"\" width=\"200\" height=\"300\" srcset=\"https:\/\/tierheilpraxis-elsner.de\/wp-content\/uploads\/2018\/06\/IMG_5530-200x300.jpeg 200w, https:\/\/tierheilpraxis-elsner.de\/wp-content\/uploads\/2018\/06\/IMG_5530.jpeg 427w\" sizes=\"(max-width: 200px) 85vw, 200px\" \/>tier\u00e4rztlichen Gemischtpraxis, d.h. Pferde, Kleintiere und Heimtiere- diese Tierarten behandle ich auch in meiner eigenen Tiernaturheilpraxis. Mein Behandlungsrepertoire beinhaltet neben der vordergr\u00fcndigen klassischen Hom\u00f6opathie, Komplexhom\u00f6opathie, Phytotherapie (Kr\u00e4uterheilkunde), Blutegeltherapie und weitere Tierheilmethoden, wie beispielsweise Eigenbluttherapie, Organtherapie, Biochemie nach Dr. Sch\u00fc\u00dfler, Endobionten nach Prof. Enderlein, Mykotherapie und MET (Mittelfrequente Elektrotherapie). Falls Sie Fragen haben sollten, stehe ich Ihnen unverbindlich telefonisch zur Verf\u00fcgung. Mein Behandlungsradius zieht sich vom Ahrtal, Kreis Ahrweiler (AW) \u00fcber Rheinbach\/ Meckenheim\/Voreifel (SU), Kreis Euskirchen (EU), sowie Raum Bonn (BN) und Umgebungen.<\/p>\n","protected":false},"excerpt":{"rendered":"<p>Aufgrund meiner Liebe zu Tieren und zur Natur entschloss ich mich im Jahr 2002 zu einer Ausbildung als Tierheilpraktikerin bei der Akademie f\u00fcr alternative Tiernaturheilkunde, ATM. Zur Zeit fehlt eine staatliche Regelung \u00fcber die Ausbildung, die Leistungsstandards und eine entsprechende\u00a0 Abschlusspr\u00fcfung. Somit liegt es am Tierhalter einen Tierheilpraktiker zu finden, der sein Wissen gewissenhaft bei &hellip; <a href=\"https:\/\/tierheilpraxis-elsner.de\/?page_id=43\" class=\"more-link\"><span class=\"screen-reader-text\">&#8222;\u00dcber mich&#8220; <\/span>weiterlesen<\/a><\/p>\n","protected":false},"author":1,"featured_media":0,"parent":0,"menu_order":0,"comment_status":"closed","ping_status":"closed","template":"","meta":[],"_links":{"self":[{"href":"https:\/\/tierheilpraxis-elsner.de\/index.php?rest_route=\/wp\/v2\/pages\/43"}],"collection":[{"href":"https:\/\/tierheilpraxis-elsner.de\/index.php?rest_route=\/wp\/v2\/pages"}],"about":[{"href":"https:\/\/tierheilpraxis-elsner.de\/index.php?rest_route=\/wp\/v2\/types\/page"}],"author":[{"embeddable":true,"href":"https:\/\/tierheilpraxis-elsner.de\/index.php?rest_route=\/wp\/v2\/users\/1"}],"replies":[{"embeddable":true,"href":"https:\/\/tierheilpraxis-elsner.de\/index.php?rest_route=%2Fwp%2Fv2%2Fcomments&post=43"}],"version-history":[{"count":6,"href":"https:\/\/tierheilpraxis-elsner.de\/index.php?rest_route=\/wp\/v2\/pages\/43\/revisions"}],"predecessor-version":[{"id":124,"href":"https:\/\/tierheilpraxis-elsner.de\/index.php?rest_route=\/wp\/v2\/pages\/43\/revisions\/124"}],"wp:attachment":[{"href":"https:\/\/tierheilpraxis-elsner.de\/index.php?rest_route=%2Fwp%2Fv2%2Fmedia&parent=43"}],"curies":[{"name":"wp","href":"https:\/\/api.w.org\/{rel}","templated":true}]}}