{"id":7,"date":"2018-05-25T13:50:54","date_gmt":"2018-05-25T12:50:54","guid":{"rendered":"http:\/\/tierheilpraxis-elsner.de\/?page_id=7"},"modified":"2018-08-22T18:55:04","modified_gmt":"2018-08-22T17:55:04","slug":"homoeopathie","status":"publish","type":"page","link":"https:\/\/tierheilpraxis-elsner.de\/?page_id=7","title":{"rendered":"Hom\u00f6opathie"},"content":{"rendered":"<p><img loading=\"lazy\" class=\"alignleft size-medium wp-image-81\" src=\"https:\/\/tierheilpraxis-elsner.de\/wp-content\/uploads\/2018\/06\/glo_20161128_1835521466-300x194.jpeg\" alt=\"\" width=\"300\" height=\"194\" srcset=\"https:\/\/tierheilpraxis-elsner.de\/wp-content\/uploads\/2018\/06\/glo_20161128_1835521466-300x194.jpeg 300w, https:\/\/tierheilpraxis-elsner.de\/wp-content\/uploads\/2018\/06\/glo_20161128_1835521466.jpeg 376w\" sizes=\"(max-width: 300px) 85vw, 300px\" \/>Samuel Hahnemann (1755-1843) war zwar nicht der Begr\u00fcnder der Hom\u00f6opathie, aber derjenige, der die Grunds\u00e4tze in seinem \u201eOrganon der Heilkunst\u201c niederschrieb. Schon die alten \u00c4gypter, sp\u00e4ter die Griechen und R\u00f6mer verwendeten Verfahren, die wir Hom\u00f6opathie nennen. Das Behandlungsprinzip beruht auf der wesentlichen Erkenntnis, dass jede Arznei, jede Pflanze, jedes Tier und jedes Mineral, wenn man es entsprechend lange und in der entsprechenden Dosierung verabreicht, Vergiftungserscheinungen hervorruft- somit sind auch allt\u00e4gliche Substanzen, wie Kochsalz oder Holzkohle Arzneien.<br \/>\nHahnemanns Idee war: \u00c4hnliches mit \u00c4hnlichem heilen: \u201eW\u00e4hle, um sanft, schnell, gewiss und dauerhaft zu heilen, in jedem Krankheitsfalle eine Arznei, welche ein \u00e4hnliches Leiden f\u00fcr sich erregen kann, als sie heilen soll\u201c. Somit ist es Aufgabe des Therapeuten das \u201eSimile\u201c zu ermitteln, welches die Krankheit zu heilen vermag. Ein weiteres Prinzip der Hom\u00f6opathie ist das Potenzieren- hierbei wird die in dem Arzneimittel vorhandene Bioinformation auf ein L\u00f6sungsmittel transferiert und somit geeignet zur Aufnahme in Form von Globuli, Tropfen, Tabletten etc, gemacht.<br \/>\nDie Einsatzgebiete der Hom\u00f6opathie sind zahlreich- sie beginnen bei k\u00f6rperlichen Leiden jedes Organsystems und enden bei psychischen St\u00f6rungen- das Einsatzspektrum ist also gigantisch gro\u00df.<\/p>\n","protected":false},"excerpt":{"rendered":"<p>Samuel Hahnemann (1755-1843) war zwar nicht der Begr\u00fcnder der Hom\u00f6opathie, aber derjenige, der die Grunds\u00e4tze in seinem \u201eOrganon der Heilkunst\u201c niederschrieb. Schon die alten \u00c4gypter, sp\u00e4ter die Griechen und R\u00f6mer verwendeten Verfahren, die wir Hom\u00f6opathie nennen. Das Behandlungsprinzip beruht auf der wesentlichen Erkenntnis, dass jede Arznei, jede Pflanze, jedes Tier und jedes Mineral, wenn man &hellip; <a href=\"https:\/\/tierheilpraxis-elsner.de\/?page_id=7\" class=\"more-link\"><span class=\"screen-reader-text\">&#8222;Hom\u00f6opathie&#8220; <\/span>weiterlesen<\/a><\/p>\n","protected":false},"author":1,"featured_media":0,"parent":0,"menu_order":0,"comment_status":"closed","ping_status":"closed","template":"","meta":[],"_links":{"self":[{"href":"https:\/\/tierheilpraxis-elsner.de\/index.php?rest_route=\/wp\/v2\/pages\/7"}],"collection":[{"href":"https:\/\/tierheilpraxis-elsner.de\/index.php?rest_route=\/wp\/v2\/pages"}],"about":[{"href":"https:\/\/tierheilpraxis-elsner.de\/index.php?rest_route=\/wp\/v2\/types\/page"}],"author":[{"embeddable":true,"href":"https:\/\/tierheilpraxis-elsner.de\/index.php?rest_route=\/wp\/v2\/users\/1"}],"replies":[{"embeddable":true,"href":"https:\/\/tierheilpraxis-elsner.de\/index.php?rest_route=%2Fwp%2Fv2%2Fcomments&post=7"}],"version-history":[{"count":5,"href":"https:\/\/tierheilpraxis-elsner.de\/index.php?rest_route=\/wp\/v2\/pages\/7\/revisions"}],"predecessor-version":[{"id":137,"href":"https:\/\/tierheilpraxis-elsner.de\/index.php?rest_route=\/wp\/v2\/pages\/7\/revisions\/137"}],"wp:attachment":[{"href":"https:\/\/tierheilpraxis-elsner.de\/index.php?rest_route=%2Fwp%2Fv2%2Fmedia&parent=7"}],"curies":[{"name":"wp","href":"https:\/\/api.w.org\/{rel}","templated":true}]}}